{"id":12,"date":"2024-07-20T22:24:59","date_gmt":"2024-07-20T20:24:59","guid":{"rendered":"http:\/\/mikkelfrank.dk\/?page_id=12"},"modified":"2024-07-25T14:55:50","modified_gmt":"2024-07-25T12:55:50","slug":"graesklipning","status":"publish","type":"page","link":"https:\/\/mikkelfrank.dk\/index.php\/graesklipning\/","title":{"rendered":"Mine Services"},"content":{"rendered":"\n<p>Jeg tilbyder en r\u00e6kke forskellige havearbejdstjenester, som kan tilpasses jeres behov:<\/p>\n\n\n\n<ul class=\"wp-block-list\">\n<li><strong>Gr\u00e6ssl\u00e5ning:<\/strong> Hold gr\u00e6sset kort og p\u00e6nt.<\/li>\n\n\n\n<li><strong>Kantklipning:<\/strong> Skab skarpe kanter omkring pl\u00e6ner og bede.<\/li>\n\n\n\n<li><strong>Buskrydning:<\/strong> Fjernelse af u\u00f8nsket vegetation og ukrudt.<\/li>\n\n\n\n<li><strong>Tr\u00e6kl\u00f8vning\/F\u00e6ldning:<\/strong> Kl\u00f8vning af br\u00e6nde og f\u00e6ldning af mindre tr\u00e6er.<\/li>\n\n\n\n<li><strong>Reng\u00f8ring af Fliser:<\/strong> Fjernelse af alger og snavs fra fliser.<\/li>\n\n\n\n<li><strong>H\u00e6kkeklipning:<\/strong> Trimning af h\u00e6kke for at bevare deres form.<\/li>\n<\/ul>\n\n\n\n<h3 class=\"wp-block-heading\">Med og Uden Udstyr<\/h3>\n\n\n\n<p><strong>Udstyr<\/strong> Jeg kan medbringe mit eget udstyr til opgaverne, eller jeg kan bruge jeres, hvis det foretr\u00e6kkes. Dette inkluderer pl\u00e6neklipper, kantklipper, buskrydder, motorsav og h\u00e6kkeklipper.<\/p>\n","protected":false},"excerpt":{"rendered":"<p>Jeg tilbyder en r\u00e6kke forskellige havearbejdstjenester, som kan tilpasses jeres behov: Med og Uden Udstyr Udstyr Jeg kan medbringe mit eget udstyr til opgaverne, eller jeg kan bruge jeres, hvis det foretr\u00e6kkes. Dette inkluderer pl\u00e6neklipper, kantklipper, buskrydder, motorsav og h\u00e6kkeklipper.<\/p>\n","protected":false},"author":2,"featured_media":0,"parent":0,"menu_order":0,"comment_status":"closed","ping_status":"closed","template":"","meta":{"footnotes":""},"class_list":["post-12","page","type-page","status-publish","hentry"],"_links":{"self":[{"href":"https:\/\/mikkelfrank.dk\/index.php\/wp-json\/wp\/v2\/pages\/12"}],"collection":[{"href":"https:\/\/mikkelfrank.dk\/index.php\/wp-json\/wp\/v2\/pages"}],"about":[{"href":"https:\/\/mikkelfrank.dk\/index.php\/wp-json\/wp\/v2\/types\/page"}],"author":[{"embeddable":true,"href":"https:\/\/mikkelfrank.dk\/index.php\/wp-json\/wp\/v2\/users\/2"}],"replies":[{"embeddable":true,"href":"https:\/\/mikkelfrank.dk\/index.php\/wp-json\/wp\/v2\/comments?post=12"}],"version-history":[{"count":2,"href":"https:\/\/mikkelfrank.dk\/index.php\/wp-json\/wp\/v2\/pages\/12\/revisions"}],"predecessor-version":[{"id":92,"href":"https:\/\/mikkelfrank.dk\/index.php\/wp-json\/wp\/v2\/pages\/12\/revisions\/92"}],"wp:attachment":[{"href":"https:\/\/mikkelfrank.dk\/index.php\/wp-json\/wp\/v2\/media?parent=12"}],"curies":[{"name":"wp","href":"https:\/\/api.w.org\/{rel}","templated":true}]}}