{"id":23,"date":"2024-07-20T22:35:36","date_gmt":"2024-07-20T20:35:36","guid":{"rendered":"http:\/\/mikkelfrank.dk\/?page_id=23"},"modified":"2024-07-25T14:52:42","modified_gmt":"2024-07-25T12:52:42","slug":"forside","status":"publish","type":"page","link":"https:\/\/mikkelfrank.dk\/","title":{"rendered":"Forside"},"content":{"rendered":"\n<p>Mit navn er Mikkel Frank, og jeg er 15 \u00e5r. Jeg har en passion for havearbejde og tilbyder min hj\u00e6lp til vedligeholdelse af haver i min fritid. Med erfaring inden for gr\u00e6ssl\u00e5ning, kantklipning, buskrydning, tr\u00e6kl\u00f8vning\/f\u00e6ldning, reng\u00f8ring af fliser og h\u00e6kkeklipning, kan jeg hj\u00e6lpe med at holde jeres have p\u00e6n og velplejet.<\/p>\n","protected":false},"excerpt":{"rendered":"<p>Mit navn er Mikkel Frank, og jeg er 15 \u00e5r. Jeg har en passion for havearbejde og tilbyder min hj\u00e6lp til vedligeholdelse af haver i min fritid. Med erfaring inden for gr\u00e6ssl\u00e5ning, kantklipning, buskrydning, tr\u00e6kl\u00f8vning\/f\u00e6ldning, reng\u00f8ring af fliser og h\u00e6kkeklipning, kan jeg hj\u00e6lpe med at holde jeres have p\u00e6n og velplejet.<\/p>\n","protected":false},"author":2,"featured_media":0,"parent":0,"menu_order":0,"comment_status":"closed","ping_status":"closed","template":"","meta":{"footnotes":""},"class_list":["post-23","page","type-page","status-publish","hentry"],"_links":{"self":[{"href":"https:\/\/mikkelfrank.dk\/index.php\/wp-json\/wp\/v2\/pages\/23"}],"collection":[{"href":"https:\/\/mikkelfrank.dk\/index.php\/wp-json\/wp\/v2\/pages"}],"about":[{"href":"https:\/\/mikkelfrank.dk\/index.php\/wp-json\/wp\/v2\/types\/page"}],"author":[{"embeddable":true,"href":"https:\/\/mikkelfrank.dk\/index.php\/wp-json\/wp\/v2\/users\/2"}],"replies":[{"embeddable":true,"href":"https:\/\/mikkelfrank.dk\/index.php\/wp-json\/wp\/v2\/comments?post=23"}],"version-history":[{"count":2,"href":"https:\/\/mikkelfrank.dk\/index.php\/wp-json\/wp\/v2\/pages\/23\/revisions"}],"predecessor-version":[{"id":88,"href":"https:\/\/mikkelfrank.dk\/index.php\/wp-json\/wp\/v2\/pages\/23\/revisions\/88"}],"wp:attachment":[{"href":"https:\/\/mikkelfrank.dk\/index.php\/wp-json\/wp\/v2\/media?parent=23"}],"curies":[{"name":"wp","href":"https:\/\/api.w.org\/{rel}","templated":true}]}}