{"id":89,"date":"2024-07-25T14:53:52","date_gmt":"2024-07-25T12:53:52","guid":{"rendered":"https:\/\/mikkelfrank.dk\/?page_id=89"},"modified":"2024-07-25T15:42:42","modified_gmt":"2024-07-25T13:42:42","slug":"om-mikkel","status":"publish","type":"page","link":"https:\/\/mikkelfrank.dk\/index.php\/om-mikkel\/","title":{"rendered":"Om Mikkel"},"content":{"rendered":"\n<p>Jeg g\u00e5r i 9. klasse og er konkurrencesv\u00f8mmer, hvilket betyder, at jeg har en travl hverdag, men jeg elsker at tilbringe min fritid med at arbejde udend\u00f8rs. Havearbejde er en hobby for mig, og jeg nyder at se resultaterne af mit arbejde. Mit m\u00e5l er at hj\u00e6lpe jer med at holde jeres have flot og funktionel.<\/p>\n\n\n\n<p><\/p>\n","protected":false},"excerpt":{"rendered":"<p>Jeg g\u00e5r i 9. klasse og er konkurrencesv\u00f8mmer, hvilket betyder, at jeg har en travl hverdag, men jeg elsker at tilbringe min fritid med at arbejde udend\u00f8rs. Havearbejde er en hobby for mig, og jeg nyder at se resultaterne af mit arbejde. Mit m\u00e5l er at hj\u00e6lpe jer med at holde jeres have flot og &hellip; <\/p>\n<p class=\"link-more\"><a href=\"https:\/\/mikkelfrank.dk\/index.php\/om-mikkel\/\" class=\"more-link\">L\u00e6s videre<span class=\"screen-reader-text\"> &#8220;Om Mikkel&#8221;<\/span><\/a><\/p>\n","protected":false},"author":1,"featured_media":0,"parent":0,"menu_order":0,"comment_status":"closed","ping_status":"closed","template":"","meta":{"footnotes":""},"class_list":["post-89","page","type-page","status-publish","hentry"],"_links":{"self":[{"href":"https:\/\/mikkelfrank.dk\/index.php\/wp-json\/wp\/v2\/pages\/89"}],"collection":[{"href":"https:\/\/mikkelfrank.dk\/index.php\/wp-json\/wp\/v2\/pages"}],"about":[{"href":"https:\/\/mikkelfrank.dk\/index.php\/wp-json\/wp\/v2\/types\/page"}],"author":[{"embeddable":true,"href":"https:\/\/mikkelfrank.dk\/index.php\/wp-json\/wp\/v2\/users\/1"}],"replies":[{"embeddable":true,"href":"https:\/\/mikkelfrank.dk\/index.php\/wp-json\/wp\/v2\/comments?post=89"}],"version-history":[{"count":2,"href":"https:\/\/mikkelfrank.dk\/index.php\/wp-json\/wp\/v2\/pages\/89\/revisions"}],"predecessor-version":[{"id":127,"href":"https:\/\/mikkelfrank.dk\/index.php\/wp-json\/wp\/v2\/pages\/89\/revisions\/127"}],"wp:attachment":[{"href":"https:\/\/mikkelfrank.dk\/index.php\/wp-json\/wp\/v2\/media?parent=89"}],"curies":[{"name":"wp","href":"https:\/\/api.w.org\/{rel}","templated":true}]}}