{"id":93,"date":"2024-07-25T14:57:16","date_gmt":"2024-07-25T12:57:16","guid":{"rendered":"https:\/\/mikkelfrank.dk\/?page_id=93"},"modified":"2024-07-25T14:57:16","modified_gmt":"2024-07-25T12:57:16","slug":"kontakt","status":"publish","type":"page","link":"https:\/\/mikkelfrank.dk\/index.php\/kontakt\/","title":{"rendered":"Kontakt"},"content":{"rendered":"\n<h3 class=\"wp-block-heading\">Hvis I har brug for hj\u00e6lp til havearbejde, eller har sp\u00f8rgsm\u00e5l, er I velkomne til at kontakte mig. <\/h3>\n\n\n\n<p>Jeg ser frem til at h\u00f8re fra jer!<\/p>\n\n\n\n<ul class=\"wp-block-list\">\n<li><strong>Telefon:<\/strong> 30206543<\/li>\n\n\n\n<li><strong>Email:<\/strong> <a href=\"mailto:mail@mikkelfrank.dk\">mail@mikkelfrank.dk<\/a><\/li>\n<\/ul>\n","protected":false},"excerpt":{"rendered":"<p>Hvis I har brug for hj\u00e6lp til havearbejde, eller har sp\u00f8rgsm\u00e5l, er I velkomne til at kontakte mig. Jeg ser frem til at h\u00f8re fra jer!<\/p>\n","protected":false},"author":1,"featured_media":0,"parent":0,"menu_order":0,"comment_status":"closed","ping_status":"closed","template":"","meta":{"footnotes":""},"class_list":["post-93","page","type-page","status-publish","hentry"],"_links":{"self":[{"href":"https:\/\/mikkelfrank.dk\/index.php\/wp-json\/wp\/v2\/pages\/93"}],"collection":[{"href":"https:\/\/mikkelfrank.dk\/index.php\/wp-json\/wp\/v2\/pages"}],"about":[{"href":"https:\/\/mikkelfrank.dk\/index.php\/wp-json\/wp\/v2\/types\/page"}],"author":[{"embeddable":true,"href":"https:\/\/mikkelfrank.dk\/index.php\/wp-json\/wp\/v2\/users\/1"}],"replies":[{"embeddable":true,"href":"https:\/\/mikkelfrank.dk\/index.php\/wp-json\/wp\/v2\/comments?post=93"}],"version-history":[{"count":1,"href":"https:\/\/mikkelfrank.dk\/index.php\/wp-json\/wp\/v2\/pages\/93\/revisions"}],"predecessor-version":[{"id":94,"href":"https:\/\/mikkelfrank.dk\/index.php\/wp-json\/wp\/v2\/pages\/93\/revisions\/94"}],"wp:attachment":[{"href":"https:\/\/mikkelfrank.dk\/index.php\/wp-json\/wp\/v2\/media?parent=93"}],"curies":[{"name":"wp","href":"https:\/\/api.w.org\/{rel}","templated":true}]}}